{"id":101702,"date":"2024-09-03T19:40:06","date_gmt":"2024-09-03T18:40:06","guid":{"rendered":"https:\/\/csp.weareorchid.com\/aviso-legal\/"},"modified":"2024-09-03T19:45:28","modified_gmt":"2024-09-03T18:45:28","slug":"aviso-legal","status":"publish","type":"page","link":"https:\/\/www.capitalstrategies.com\/es\/aviso-legal\/","title":{"rendered":"Aviso Legal"},"content":{"rendered":"<p>[et_pb_section fb_built=\u00bb1&#8243; admin_label=\u00bbContent Section\u00bb _builder_version=\u00bb4.16&#8243; global_colors_info=\u00bb{}\u00bb][et_pb_row _builder_version=\u00bb4.16&#8243; background_size=\u00bbinitial\u00bb background_position=\u00bbtop_left\u00bb background_repeat=\u00bbrepeat\u00bb global_colors_info=\u00bb{}\u00bb][et_pb_column type=\u00bb4_4&#8243; _builder_version=\u00bb4.16&#8243; custom_padding=\u00bb|||\u00bb global_colors_info=\u00bb{}\u00bb custom_padding__hover=\u00bb|||\u00bb][et_pb_text admin_label=\u00bbText &#8211; Title\u00bb module_class=\u00bbpx_title\u00bb _builder_version=\u00bb4.25.1&#8243; _dynamic_attributes=\u00bbcontent\u00bb header_text_align=\u00bbcenter\u00bb header_text_color=\u00bb#06132B\u00bb background_size=\u00bbinitial\u00bb background_position=\u00bbtop_left\u00bb background_repeat=\u00bbrepeat\u00bb custom_margin=\u00bb||90px||false|false\u00bb hover_enabled=\u00bb0&#8243; global_colors_info=\u00bb{}\u00bb sticky_enabled=\u00bb0&#8243;]@ET-DC@eyJkeW5hbWljIjp0cnVlLCJjb250ZW50IjoicG9zdF90aXRsZSIsInNldHRpbmdzIjp7ImJlZm9yZSI6IjxoMT4iLCJhZnRlciI6IjxcL2gxPiJ9fQ==@[\/et_pb_text][et_pb_text admin_label=\u00bbText &#8211; Body\u00bb _builder_version=\u00bb4.25.1&#8243; background_size=\u00bbinitial\u00bb background_position=\u00bbtop_left\u00bb background_repeat=\u00bbrepeat\u00bb global_colors_info=\u00bb{}\u00bb]<\/p>\n<p>Este documento est\u00e1 integrado por el Aviso Legal y las Condiciones Generales de Uso que regulan el acceso, navegaci\u00f3n y uso de la web de la entidad CAPITAL STRATEGIES PARTNERS, AGENCIA DE VALORES, S.A. ubicada en la URL https:\/\/www.capitalstrategies.com (en adelante, el \u201cSitio Web\u201d o la \u201cWeb\u201d).<\/p>\n<p>Si adem\u00e1s necesita cualquier informaci\u00f3n adicional, por favor, no dude en comunicarse con nosotros a trav\u00e9s del correo electr\u00f3nico o el n\u00famero de tel\u00e9fono facilitado en la presente Pol\u00edtica de Privacidad.<\/p>\n<ol>\n<li><strong>Datos Identificativos<\/strong><\/li>\n<\/ol>\n<p>En cumplimiento con el deber de informaci\u00f3n recogido en art\u00edculo 10 de la Ley 34\/2002, de 11 de julio, de Servicios de la Sociedad de la Informaci\u00f3n y del Comercio Electr\u00f3nico, le informamos que CAPITAL STRATEGIES PARTNERS, AGENCIA DE VALORES, S.A. (en adelante, \u201cCSP\u201d), con C.I.F. A85345445, es una sociedad que tiene su domicilio social en Madrid (28046), en el Paseo de la Castellana, 178 3\u00ba Iz, \u00a0y se encuentra debidamente inscrita en el Registro Mercantil de Madrid al Tomo 15497; Libro 0; Folio 6; Secci\u00f3n 8; Hoja M-260537.<\/p>\n<p>Para cualquier informaci\u00f3n sobre la empresa o sus productos y servicios, puedes contactar con CSP a trav\u00e9s de los siguientes medios:<\/p>\n<ul>\n<li>Tel\u00e9fono: <a href=\"tel:+34913531267\">+34 913 531 267<\/a><\/li>\n<li>Correo electr\u00f3nico: <a href=\"mailto:informacion@capitalstrategies.com\">informacion@capitalstrategies.com<\/a>.<\/li>\n<\/ul>\n<ol start=\"2\">\n<li><strong>Objeto y \u00e1mbito de aplicaci\u00f3n<\/strong><\/li>\n<\/ol>\n<p>Las presentes condiciones de uso regulan el acceso y uso a los contenidos ofrecidos por CSP a trav\u00e9s de su Sitio Web, as\u00ed como la utilizaci\u00f3n de los mismos por parte de los Usuarios. CSP se reserva el derecho a modificar, en cualquier momento y sin previo aviso, la presentaci\u00f3n, configuraci\u00f3n y contenido del Sitio Web y de los servicios o sus v\u00ednculos, as\u00ed como tambi\u00e9n las condiciones requeridas para su acceso y\/o utilizaci\u00f3n. El acceso y utilizaci\u00f3n de los contenidos y servicios tras la entrada en vigor de sus modificaciones o los cambios en las condiciones suponen la aceptaci\u00f3n de las mismas.<\/p>\n<p>No obstante, el acceso a determinados contenidos y la utilizaci\u00f3n de determinados servicios pueden encontrarse sometidos a espec\u00edficas Condiciones Particulares, que, seg\u00fan los casos, sustituir\u00e1n, completar\u00e1n y\/o modificar\u00e1n las Presentes Condiciones Generales de Uso. En el caso de que exista contradicci\u00f3n, prevalecer\u00e1n los t\u00e9rminos de las Condiciones Particulares sobre las Condiciones Generales.<\/p>\n<p>El simple acceso, navegaci\u00f3n y\/o uso del Sitio Web de CSP atribuye la condici\u00f3n de Usuario a la persona que realiza tales acciones, quien acepta, desde dicho acceso, las Condiciones Generales de Uso aqu\u00ed reflejadas. Las presentes Condiciones ser\u00e1n de aplicaci\u00f3n independientemente de las Condiciones Generales de Contrataci\u00f3n que en su caso resulten de obligado cumplimiento.<\/p>\n<ol start=\"3\">\n<li><strong>Uso del portal<\/strong><\/li>\n<\/ol>\n<p>El Sitio Web proporciona el acceso a multitud de informaciones, servicios, programas o datos (en adelante, \u201clos contenidos\u201d) en Internet pertenecientes a CSP o a sus licenciantes a los que el Usuario pueda tener acceso. El Usuario se compromete a utilizar el Sitio Web de conformidad con la ley y las presentes Condiciones Generales de Uso y asume la responsabilidad del uso del portal.<\/p>\n<p>Al utilizar la Web el Usuario manifiesta su conformidad con estas Condiciones Generales de Uso, comprometi\u00e9ndose a no transmitir, difundir o poner a disposici\u00f3n de terceros a trav\u00e9s de los servicios o utilizades proporcionados por https:\/\/www.capitalstrategies.com cualquier clase de material que de cualquier forma contravenga la legislaci\u00f3n vigente.<\/p>\n<ol start=\"4\">\n<li><strong>Responsabilidades y garant\u00edas<\/strong><\/li>\n<\/ol>\n<p>CSP no puede garantizar la fiabilidad, utilidad o veracidad de la informaci\u00f3n que se presente a trav\u00e9s del Sitio Web. En consecuencia, CSP no garantiza ni se hace responsable de:<\/p>\n<ol>\n<li>La continuidad de los contenidos del Sitio Web.<\/li>\n<li>La ausencia de errores en dichos contenidos.<\/li>\n<li>La ausencia de virus y\/o dem\u00e1s componentes da\u00f1inos en el Sitio Web o en el servidor que lo suministra.<\/li>\n<li>La invulnerabilidad del Sitio Web y\/o la inexpugnabilidad de las medidas de seguridad que se adopten en el mismo.<\/li>\n<li>La falta de utilidad o rendimiento de los contenidos del Sitio Web.<\/li>\n<li>Los da\u00f1os o perjuicios que cause, a s\u00ed mismo o a un tercero, cualquier persona que infringiera las condiciones, normas e instrucciones que CSP establece en el Sitio Web o a trav\u00e9s de la vulneraci\u00f3n de los sistemas de seguridad del Sitio Web.<\/li>\n<li>Las p\u00e9rdidas, costes, da\u00f1os y perjuicios producidos o que puedan producirse, cualquiera que sea su naturaleza incluidos, sin limitaci\u00f3n, cualesquiera da\u00f1os directos, indirectos, que se deriven del uso de la informaci\u00f3n, de los servicios prestados, de las materias contenidas en este Sitio Web y de los programas que incorpora. Los enlaces (Links) e hipertexto que posibiliten, a trav\u00e9s del Sitio Web de la empresa, acceder al Usuario a prestaciones y servicios ofrecidos por terceros, no pertenecen ni se encuentran bajo el control de CSP, que no se hace responsable ni de la informaci\u00f3n contenida en los mismos ni de cualesquiera efectos que pudieran derivarse de dicha informaci\u00f3n.<\/li>\n<li>Del uso ileg\u00edtimo que terceras personas puedan hacer de los nombres de marca, nombres de producto, marcas comerciales que, no siendo propiedad de dicha entidad, aparezcan en el Sitio Web de la empresa. Tampoco se responsabiliza de la integridad, veracidad y licitud del contenido de los enlaces a las webs a las que pueda accederse desde web de la empresa.<\/li>\n<li>Los virus que tengan su origen en una transmisi\u00f3n telem\u00e1tica infiltrados por terceras partes (por ejemplo, los macros de procesadores de texto, los applets de Java y los programas Active X), generados con la finalidad de obtener resultados negativos para un sistema inform\u00e1tico.<\/li>\n<\/ol>\n<p>No obstante, CSP declara que ha adoptado todas las medidas necesarias, dentro de sus posibilidades y del estado de la tecnolog\u00eda, para garantizar el funcionamiento del Sitio Web y evitar la existencia y transmisi\u00f3n de virus y dem\u00e1s componentes da\u00f1inos a los Usuarios.<\/p>\n<p>Si el Usuarios tuviera conocimiento de la existencia de alg\u00fan contenido il\u00edcito, ilegal, contrario a las leyes o que pudiera suponer una infracci\u00f3n de derecho de propiedad intelectual y\/o industrial, deber\u00e1 notificarlos inmediatamente a CSP para que esta pueda adoptar las medidas oportunas.<\/p>\n<p>Para acceder a determinados servicios y contenidos el Usuario deber\u00e1 aportar determinada informaci\u00f3n. El Usuario ser\u00e1 responsable de aportar informaci\u00f3n veraz y l\u00edcita. Igualmente, para que esta informaci\u00f3n se mantenga actualizada y no contenga errores, el Usuario deber\u00e1 comunicar a CSP, a la mayor brevedad posible, las modificaciones o rectificaciones de sus datos que se vayan produciendo.<\/p>\n<p>En cualquier caso, CSP no ser\u00e1 responsable de las opiniones vertidas por los Usuarios a trav\u00e9s de los foros, chats, u otras herramientas de participaci\u00f3n.<\/p>\n<ol start=\"5\">\n<li><strong>Protecci\u00f3n de datos<\/strong><\/li>\n<\/ol>\n<p>La Pol\u00edtica de Privacidad del Sitio Web queda determinada por lo establecido en el documento\u00a0<a title=\"Pol\u00edtica de Protecci\u00f3n de Datos\" href=\"\/es\/proteccion-datos\/\"><u>Pol\u00edtica de Protecci\u00f3n de Datos<\/u><\/a>.<\/p>\n<p>Por su parte, la Pol\u00edtica de Cookies del Sitio Web queda determinada por lo establecido en el documento\u00a0<a title=\"Pol\u00edtica de Cookies\" href=\"\/es\/politica-de-cookies-ue\/\"><u>Pol\u00edtica de Cookies<\/u><\/a>.<\/p>\n<ol start=\"6\">\n<li><strong>Propiedad intelectual e industrial<\/strong><\/li>\n<\/ol>\n<p>El presente Sitio Web se rige por las leyes espa\u00f1olas y por la legislaci\u00f3n nacional sobre propiedad intelectual e industrial. En ning\u00fan caso se entender\u00e1 que el acceso y navegaci\u00f3n del Usuario por el Sitio Web implique una renuncia, transmisi\u00f3n, licencia o cesi\u00f3n total ni parcial de derechos por parte de CSP.<\/p>\n<p>CSP por s\u00ed o como cesionaria, es titular de todos los derechos de propiedad intelectual e industrial de su p\u00e1gina web, as\u00ed como de los elementos contenidos en la misma (a t\u00edtulo enunciativo, im\u00e1genes, sonido, audio, v\u00eddeo, software o textos; marcas o logotipos, combinaciones de colores, estructura y dise\u00f1o, selecci\u00f3n de materiales usados, programas de ordenador necesarios para su funcionamiento, acceso y uso, etc.), titularidad de CSP o bien de sus licenciantes.<\/p>\n<p>En virtud de lo dispuesto en los art\u00edculos 8 y 32.1, p\u00e1rrafo segundo, de la Ley de Propiedad Intelectual, quedan expresamente prohibidas la reproducci\u00f3n, la distribuci\u00f3n y la comunicaci\u00f3n p\u00fablica, incluida su modalidad de puesta a disposici\u00f3n, de la totalidad o parte de los contenidos de esta p\u00e1gina web, con fines comerciales, en cualquier soporte y por cualquier medio t\u00e9cnico, sin la autorizaci\u00f3n de CSP. El Usuario se compromete a respetar los derechos de Propiedad Intelectual e Industrial titularidad de CSP. Podr\u00e1 visualizar los elementos del portal e incluso imprimirlos, copiarlos y almacenarlos en el disco duro de su ordenador o en cualquier otro soporte f\u00edsico siempre y cuando sea, \u00fanica y exclusivamente, para su uso personal y privado. El Usuario deber\u00e1 abstenerse de suprimir, alterar, eludir o manipular cualquier dispositivo de protecci\u00f3n o sistema de seguridad que estuviera instalado en la Web de CSP.<\/p>\n<p>El Usuario, \u00fanica y exclusivamente, puede utilizar el material que aparezca este Sitio Web para su uso personal y privado, sin que se le otorgue licencia de ning\u00fan tipo sobre el uso u otros derechos en relaci\u00f3n con los contenidos del Sitio Web, quedando prohibido su uso con fines comerciales o para incurrir en actividades il\u00edcitas.<\/p>\n<ol start=\"7\">\n<li><strong>Duraci\u00f3n y modificaci\u00f3n<\/strong><\/li>\n<\/ol>\n<p>CSP se reserva el derecho de efectuar sin previo aviso las modificaciones que considere oportunas en el Sitio Web, pudiendo cambiar, suprimir o a\u00f1adir tanto los contenidos y servicios que se presten a trav\u00e9s de la misma como la forma en la que \u00e9stos aparezcan presentados o localizados en la Web.<\/p>\n<p>Igualmente, CSP podr\u00e1 modificar, total o parcialmente, los t\u00e9rminos de las Condiciones Generales de Uso recogidas en este documento, publicando cualquier cambio en la misma forma en que aparece este Aviso Legal o a trav\u00e9s de cualquier tipo de comunicaci\u00f3n dirigida a los Usuarios. La vigencia temporal de este Aviso Legal y de las presentes Condiciones Generales de Uso coincide, por tanto, con el tiempo de su exposici\u00f3n, hasta que sea modificado total o parcialmente, momento en el cual pasar\u00e1 a tener vigencia el Aviso Legal o las Condiciones Generales de Uso modificadas.<\/p>\n<ol start=\"8\">\n<li><strong>Enlaces<\/strong><\/li>\n<\/ol>\n<p>En el caso de que en el sitio Web se dispusiesen enlaces o hiperv\u00ednculos hac\u00eda otros sitios de Internet, CSP no ejercer\u00e1 ning\u00fan tipo de control sobre dichos sitios y contenidos. En ning\u00fan caso CSP asumir\u00e1 responsabilidad alguna por los contenidos de alg\u00fan enlace perteneciente a un sitio web ajeno, ni garantizar\u00e1 la disponibilidad t\u00e9cnica, calidad, fiabilidad, exactitud, amplitud, veracidad, validez y constitucionalidad de cualquier material o informaci\u00f3n contenida en ninguno de dichos hiperv\u00ednculos u otros sitios de Internet.\u00a0Igualmente la inclusi\u00f3n de estas conexiones externas no implicar\u00e1 ning\u00fan tipo de asociaci\u00f3n, fusi\u00f3n o participaci\u00f3n con las entidades conectadas.<\/p>\n<ol start=\"9\">\n<li><strong>Derecho de exclusi\u00f3n<\/strong><\/li>\n<\/ol>\n<p>CSP se reserva el derecho a denegar o retirar el acceso a portal y\/o los servicios ofrecidos sin necesidad de preaviso, a instancia propia o de un tercero, a aquellos Usuarios que incumplan las presentes Condiciones Generales de Uso.<\/p>\n<ol start=\"10\">\n<li><strong>Generalidades<\/strong><\/li>\n<\/ol>\n<p>CSP velar\u00e1 por el cumplimiento de las presentes Condiciones Generales de Uso\u00a0 como por la debida utilizaci\u00f3n de los contenidos presentados en su Sitio Web y perseguir\u00e1 su incumplimiento as\u00ed como cualquier utilizaci\u00f3n indebida de su Web, ejerciendo todas las acciones civiles y penales que le puedan corresponder en derecho.<\/p>\n<ol start=\"11\">\n<li><strong>Legislaci\u00f3n aplicable y jurisdicci\u00f3n<\/strong><\/li>\n<\/ol>\n<p>El Sitio Web y su contenido, as\u00ed como las relaciones establecidas entre CSP y el Usuario se regir\u00e1 por la normativa espa\u00f1ola vigente.<\/p>\n<p>No obstante, para los casos en los que la normativa prevea la posibilidad a las partes de someterse a un fuero, CSP y el Usuario, con renuncia expresa a cualquier otro fuero que pudiera corresponderles, someter\u00e1n cualquier controversia y\/o litigio al conocimiento de los Juzgados y Tribunales de la ciudad de MADRID.<\/p>\n<p>[\/et_pb_text][\/et_pb_column][\/et_pb_row][\/et_pb_section]<\/p>\n","protected":false},"excerpt":{"rendered":"<p>Este documento est\u00e1 integrado por el Aviso Legal y las Condiciones Generales de Uso que regulan el acceso, navegaci\u00f3n y uso de la web de la entidad CAPITAL STRATEGIES PARTNERS, AGENCIA DE VALORES, S.A. ubicada en la URL https:\/\/www.capitalstrategies.com (en adelante, el \u201cSitio Web\u201d o la \u201cWeb\u201d). Si adem\u00e1s necesita cualquier informaci\u00f3n adicional, por favor, [&hellip;]<\/p>\n","protected":false},"author":8,"featured_media":0,"parent":0,"menu_order":7,"comment_status":"closed","ping_status":"closed","template":"","meta":{"_et_pb_use_builder":"on","_et_pb_old_content":"","_et_gb_content_width":"","footnotes":""},"class_list":["post-101702","page","type-page","status-publish","hentry"],"_links":{"self":[{"href":"https:\/\/www.capitalstrategies.com\/es\/wp-json\/wp\/v2\/pages\/101702","targetHints":{"allow":["GET"]}}],"collection":[{"href":"https:\/\/www.capitalstrategies.com\/es\/wp-json\/wp\/v2\/pages"}],"about":[{"href":"https:\/\/www.capitalstrategies.com\/es\/wp-json\/wp\/v2\/types\/page"}],"author":[{"embeddable":true,"href":"https:\/\/www.capitalstrategies.com\/es\/wp-json\/wp\/v2\/users\/8"}],"replies":[{"embeddable":true,"href":"https:\/\/www.capitalstrategies.com\/es\/wp-json\/wp\/v2\/comments?post=101702"}],"version-history":[{"count":8,"href":"https:\/\/www.capitalstrategies.com\/es\/wp-json\/wp\/v2\/pages\/101702\/revisions"}],"predecessor-version":[{"id":101710,"href":"https:\/\/www.capitalstrategies.com\/es\/wp-json\/wp\/v2\/pages\/101702\/revisions\/101710"}],"wp:attachment":[{"href":"https:\/\/www.capitalstrategies.com\/es\/wp-json\/wp\/v2\/media?parent=101702"}],"curies":[{"name":"wp","href":"https:\/\/api.w.org\/{rel}","templated":true}]}}