{"id":101693,"date":"2024-09-03T19:28:17","date_gmt":"2024-09-03T18:28:17","guid":{"rendered":"https:\/\/csp.weareorchid.com\/politica-de-cookies\/"},"modified":"2024-11-04T11:39:52","modified_gmt":"2024-11-04T11:39:52","slug":"politica-de-cookies-ue","status":"publish","type":"page","link":"https:\/\/www.capitalstrategies.com\/es\/politica-de-cookies-ue\/","title":{"rendered":"Pol\u00edtica de Cookies"},"content":{"rendered":"<p>[et_pb_section fb_built=\u00bb1&#8243; admin_label=\u00bbContent Section\u00bb _builder_version=\u00bb4.16&#8243; global_colors_info=\u00bb{}\u00bb][et_pb_row _builder_version=\u00bb4.16&#8243; background_size=\u00bbinitial\u00bb background_position=\u00bbtop_left\u00bb background_repeat=\u00bbrepeat\u00bb global_colors_info=\u00bb{}\u00bb][et_pb_column type=\u00bb4_4&#8243; _builder_version=\u00bb4.16&#8243; custom_padding=\u00bb|||\u00bb global_colors_info=\u00bb{}\u00bb custom_padding__hover=\u00bb|||\u00bb][et_pb_text admin_label=\u00bbText &#8211; Title\u00bb module_class=\u00bbpx_title\u00bb _builder_version=\u00bb4.25.1&#8243; _dynamic_attributes=\u00bbcontent\u00bb header_text_align=\u00bbcenter\u00bb header_text_color=\u00bb#06132B\u00bb background_size=\u00bbinitial\u00bb background_position=\u00bbtop_left\u00bb background_repeat=\u00bbrepeat\u00bb custom_margin=\u00bb||90px||false|false\u00bb locked=\u00bboff\u00bb global_colors_info=\u00bb{}\u00bb]@ET-DC@eyJkeW5hbWljIjp0cnVlLCJjb250ZW50IjoicG9zdF90aXRsZSIsInNldHRpbmdzIjp7ImJlZm9yZSI6IjxoMT4iLCJhZnRlciI6IjxcL2gxPiJ9fQ==@[\/et_pb_text][et_pb_text admin_label=\u00bbText &#8211; Body\u00bb _builder_version=\u00bb4.25.1&#8243; background_size=\u00bbinitial\u00bb background_position=\u00bbtop_left\u00bb background_repeat=\u00bbrepeat\u00bb hover_enabled=\u00bb0&#8243; locked=\u00bboff\u00bb global_colors_info=\u00bb{}\u00bb link_font=\u00bb|600|||on|||gcid-heading-color|\u00bb sticky_enabled=\u00bb0&#8243;]<\/p>\n<p>El Sitio Web de V Capital Strategies Partners, Agencia de Valores, S.A. (en adelante, \u201cCSP\u201d) utiliza cookies para el correcto funcionamiento y visualizaci\u00f3n del mismo por parte del Usuario, as\u00ed como la recogida de estad\u00edsticas. CSP es responsable de las cookies y del tratamiento de los datos obtenidos a trav\u00e9s de ellas, ya sean propias o de terceros, decidiendo sobre la finalidad, contenido y uso del tratamiento de la informaci\u00f3n recabada. El objeto de esta pol\u00edtica es ofrecerle informaci\u00f3n de manera clara y detallada sobre qu\u00e9 es una cookie, cu\u00e1l es su finalidad, qu\u00e9 tipo de cookies utilizamos y c\u00f3mo configurarlas o, en su caso, deshabilitarlas.<\/p>\n<h3><strong>\u00bfQu\u00e9 son las cookies?<\/strong><\/h3>\n<p>Una cookie es un peque\u00f1o archivo de texto que se almacena en su navegador cuando visita una p\u00e1gina web y que guarda informaci\u00f3n sobre la navegaci\u00f3n que realiza para hacer m\u00e1s eficiente la experiencia del Usuario. Algunas cookies resultan esenciales para el buen funcionamiento de las p\u00e1ginas web, como es el caso de las cookies t\u00e9cnicas o de personalizaci\u00f3n de la interfaz de Usuario, aunque otras, como las cookies de an\u00e1lisis o las de publicidad comportamental, requieren que le informemos y recabemos su consentimiento para su uso.<\/p>\n<h3><strong>Tipolog\u00eda y finalidades de las cookies<\/strong><\/h3>\n<h4><strong>Las cookies t\u00e9cnicas<\/strong><\/h4>\n<p>Son aquellas que permiten al Usuario la navegaci\u00f3n a trav\u00e9s de una p\u00e1gina web, plataforma o aplicaci\u00f3n y la utilizaci\u00f3n de las diferentes opciones o servicios que en ella existan, incluyendo la gesti\u00f3n y operativa de la p\u00e1gina web y habilitar sus funciones y servicios, como, por ejemplo, identificar la sesi\u00f3n, acceder a partes de acceso restringido, recordar los elementos que integran un pedido, realizar el proceso de compra de un pedido, gestionar el pago, etc. La p\u00e1gina web no puede funcionar adecuadamente sin estas cookies por lo que se consideran necesarias.<\/p>\n<h4><strong>Las\u00a0cookies de preferencias\u00a0o\u00a0personalizaci\u00f3n<\/strong><\/h4>\n<p>Permiten a la p\u00e1gina web recordar informaci\u00f3n que cambia la forma en que la p\u00e1gina se comporta o el aspecto que tiene de modo que el Usuario acceda al servicio con determinadas caracter\u00edsticas que pueden diferenciar su experiencia de la de otros Usuarios, como, por ejemplo, el idioma, el n\u00famero de resultados a mostrar cuando el Usuario realiza una b\u00fasqueda o la regi\u00f3n en la que el Usuario se encuentra. Si es el propio Usuario quien elige esas caracter\u00edsticas, por ejemplo, marcando la bandera del idioma, se considera un servicio expresamente solicitado siempre y cuando las cookies obedezcan exclusivamente a la finalidad seleccionada de personalizaci\u00f3n.<\/p>\n<h4><strong>Las\u00a0cookies de an\u00e1lisis\u00a0o\u00a0medici\u00f3n<\/strong><\/h4>\n<p>Son aquellas que permiten comprender c\u00f3mo interact\u00faan los visitantes con las p\u00e1ginas web y as\u00ed realizar el an\u00e1lisis estad\u00edstico del uso que hacen los Usuarios de la web de los servicios prestados. La informaci\u00f3n recogida se utiliza en la medici\u00f3n de la actividad de los sitios web o aplicaci\u00f3n con el fin de introducir mejoras en los productos y servicios ofrecidos por el responsable.<\/p>\n<h4><strong>Las\u00a0cookies de marketing\u00a0o\u00a0publicidad comportamental<\/strong><\/h4>\n<p>Almacenan informaci\u00f3n del comportamiento de los Usuarios obtenida a trav\u00e9s de la observaci\u00f3n continuada de sus h\u00e1bitos de navegaci\u00f3n, lo que permite desarrollar un perfil espec\u00edfico para mostrar anuncios relevantes y atractivos para el Usuario individual, y por lo tanto, m\u00e1s valiosos para los terceros anunciantes.<\/p>\n<h3><strong>Cookies utilizadas en la web<\/strong><\/h3>\n<p>A continuaci\u00f3n, le ofrecemos informaci\u00f3n sobre las cookies utilizadas en https:\/\/www.capitalstrategies.com:<\/p>\n<table width=\"100%\">\n<tbody>\n<tr>\n<td width=\"33%\"><strong>NOMBRE DE LA COOKIE<\/strong><\/td>\n<td width=\"29%\"><strong>DOMINIO<\/strong><\/td>\n<td width=\"14%\"><strong>TIPO<\/strong><\/td>\n<td width=\"22%\"><strong>DURACI\u00d3N<\/strong><\/td>\n<\/tr>\n<tr>\n<td width=\"33%\"><strong>\u00a0<\/strong><\/td>\n<td width=\"29%\"><strong>\u00a0<\/strong><\/td>\n<td width=\"14%\"><strong>\u00a0<\/strong><\/td>\n<td width=\"22%\"><strong>\u00a0<\/strong><\/td>\n<\/tr>\n<tr>\n<td width=\"33%\"><strong>Wpml_browser_redirect_test<\/strong><\/td>\n<td width=\"29%\">www.capitalstrategies.com<\/td>\n<td width=\"14%\">Funcional<\/td>\n<td width=\"22%\">Sesi\u00f3n<\/td>\n<\/tr>\n<tr>\n<td colspan=\"4\" width=\"100%\"><strong>Descripci\u00f3n del objetivo de la cookie:\u00a0<\/strong>esta cookie la establece el complemento WPML de WordPress y se utiliza para probar si las cookies est\u00e1n habilitadas en el navegador.<\/td>\n<\/tr>\n<tr>\n<td width=\"33%\"><strong>\u00a0<\/strong><\/td>\n<td width=\"29%\"><strong>\u00a0<\/strong><\/td>\n<td width=\"14%\"><strong>\u00a0<\/strong><\/td>\n<td width=\"22%\"><strong>\u00a0<\/strong><\/td>\n<\/tr>\n<tr>\n<td width=\"33%\"><strong>_icl_visitor_lang_js<\/strong><\/td>\n<td width=\"29%\">www.capitalstrategies.com<\/td>\n<td width=\"14%\">Funcional<\/td>\n<td width=\"22%\">1 d\u00eda<\/td>\n<\/tr>\n<tr>\n<td colspan=\"4\" width=\"100%\"><strong>Descripci\u00f3n del objetivo de la cookie:\u00a0<\/strong>\u00a0WPML configura esta cookie para almacenar el idioma redirigido.<\/td>\n<\/tr>\n<tr>\n<td width=\"33%\"><strong>\u00a0<\/strong><\/td>\n<td width=\"29%\"><strong>\u00a0<\/strong><\/td>\n<td width=\"14%\"><strong>\u00a0<\/strong><\/td>\n<td width=\"22%\"><strong>\u00a0<\/strong><\/td>\n<\/tr>\n<tr>\n<td width=\"33%\"><strong>YSC<\/strong><\/td>\n<td width=\"29%\">.youTube.com<\/td>\n<td width=\"14%\">Publicitarias<\/td>\n<td width=\"22%\">Sesi\u00f3n<\/td>\n<\/tr>\n<tr>\n<td colspan=\"4\" width=\"100%\"><strong>Descripci\u00f3n del objetivo de la cookie:\u00a0<\/strong>YouTube configura esta cookie para medir las reproducciones de videos incrustados en las p\u00e1ginas de YouTube.<\/td>\n<\/tr>\n<tr>\n<td width=\"33%\"><strong>\u00a0<\/strong><\/td>\n<td width=\"29%\"><strong>\u00a0<\/strong><\/td>\n<td width=\"14%\"><strong>\u00a0<\/strong><\/td>\n<td width=\"22%\"><strong>\u00a0<\/strong><\/td>\n<\/tr>\n<tr>\n<td width=\"33%\"><strong>VISITANTE_INFO1_EN VIVO<\/strong><\/td>\n<td width=\"29%\">.youtube.com<\/td>\n<td width=\"14%\">Publicitarias<\/td>\n<td width=\"22%\">6 meses<\/td>\n<\/tr>\n<tr>\n<td colspan=\"4\" width=\"100%\"><strong>Descripci\u00f3n del objetivo de la cookie:\u00a0<\/strong>YouTube configura esta cookie para medir el ancho de banda y determinar si el usuario recibe la nueva o la antigua interfaz del reproductor<\/td>\n<\/tr>\n<tr>\n<td width=\"33%\"><strong>\u00a0<\/strong><\/td>\n<td width=\"29%\"><strong>\u00a0<\/strong><\/td>\n<td width=\"14%\"><strong>\u00a0<\/strong><\/td>\n<td width=\"22%\"><strong>\u00a0<\/strong><\/td>\n<\/tr>\n<tr>\n<td width=\"33%\"><strong>Cmplz_policy_id<\/strong><\/td>\n<td width=\"29%\">www.capitalstrategies.com<\/td>\n<td width=\"14%\">Necesaria<\/td>\n<td width=\"22%\">1 a\u00f1o<\/td>\n<\/tr>\n<tr>\n<td colspan=\"4\" width=\"100%\"><strong>Descripci\u00f3n del objetivo de la cookie:\u00a0<\/strong>cookie usada para gestionar y recodar la aceptaci\u00f3n de la pol\u00edtica de cookies por parte del usuario.<\/td>\n<\/tr>\n<tr>\n<td width=\"33%\"><strong>\u00a0<\/strong><\/td>\n<td width=\"29%\"><strong>\u00a0<\/strong><\/td>\n<td width=\"14%\"><strong>\u00a0<\/strong><\/td>\n<td width=\"22%\"><strong>\u00a0<\/strong><\/td>\n<\/tr>\n<tr>\n<td width=\"33%\"><strong>Visitante_id*<\/strong><\/td>\n<td width=\"29%\">go.capitalstrategies.com<\/td>\n<td width=\"14%\">Anal\u00edtica<\/td>\n<td width=\"22%\">1 a\u00f1o 1 mes y 4 d\u00edas<\/td>\n<\/tr>\n<tr>\n<td colspan=\"4\" width=\"100%\"><strong>Descripci\u00f3n del objetivo de la cookie:\u00a0<\/strong>Pardot configura esta cookie para almacenar una identificaci\u00f3n de usuario. Instala un c\u00f3digo de seguimiento en los visitantes del sitio web.<\/td>\n<\/tr>\n<tr>\n<td width=\"33%\"><strong>\u00a0<\/strong><\/td>\n<td width=\"29%\"><strong>\u00a0<\/strong><\/td>\n<td width=\"14%\"><strong>\u00a0<\/strong><\/td>\n<td width=\"22%\"><strong>\u00a0<\/strong><\/td>\n<\/tr>\n<tr>\n<td width=\"33%\"><strong>Visitante_id*-hash<\/strong><\/td>\n<td width=\"29%\">go.capitalstrategies.com<\/td>\n<td width=\"14%\">Funcional<\/td>\n<td width=\"22%\">1 a\u00f1o 1 mes y 4 d\u00edas<\/td>\n<\/tr>\n<tr>\n<td colspan=\"4\" width=\"100%\"><strong>Descripci\u00f3n del objetivo de la cookie:\u00a0<\/strong>Pardot configura esta cookie para almacenar una identificaci\u00f3n de usuario \u00fanica.<\/td>\n<\/tr>\n<tr>\n<td width=\"33%\"><strong>\u00a0<\/strong><\/td>\n<td width=\"29%\"><strong>\u00a0<\/strong><\/td>\n<td width=\"14%\"><strong>\u00a0<\/strong><\/td>\n<td width=\"22%\"><strong>\u00a0<\/strong><\/td>\n<\/tr>\n<tr>\n<td width=\"33%\"><strong>Lpv948512<\/strong><\/td>\n<td width=\"29%\">go.capitalstrategies.com<\/td>\n<td width=\"14%\">Otro<\/td>\n<td width=\"22%\">1 hora<\/td>\n<\/tr>\n<tr>\n<td colspan=\"4\" width=\"100%\"><strong>Descripci\u00f3n del objetivo de la cookie:\u00a0<\/strong>sin descripci\u00f3n<\/td>\n<\/tr>\n<tr>\n<td width=\"33%\"><strong>\u00a0<\/strong><\/td>\n<td width=\"29%\"><strong>\u00a0<\/strong><\/td>\n<td width=\"14%\"><strong>\u00a0<\/strong><\/td>\n<td width=\"22%\"><strong>\u00a0<\/strong><\/td>\n<\/tr>\n<tr>\n<td width=\"33%\"><strong>VISITOR_PRIVACY_METADATA<\/strong><\/td>\n<td width=\"29%\">.youTube.com<\/td>\n<td width=\"14%\">Otro<\/td>\n<td width=\"22%\">6 meses<\/td>\n<\/tr>\n<tr>\n<td colspan=\"4\" width=\"100%\"><strong>Descripci\u00f3n del objetivo de la cookie:\u00a0<\/strong>Cookie de metadatos de privacidad de visitante de YouTube.<\/td>\n<\/tr>\n<tr>\n<td width=\"33%\"><strong>\u00a0<\/strong><\/td>\n<td width=\"29%\"><strong>\u00a0<\/strong><\/td>\n<td width=\"14%\"><strong>\u00a0<\/strong><\/td>\n<td width=\"22%\"><strong>\u00a0<\/strong><\/td>\n<\/tr>\n<tr>\n<td width=\"33%\"><strong>CONSENTIR<\/strong><\/td>\n<td width=\"29%\">.youtube.com<\/td>\n<td width=\"14%\">Anal\u00edtica<\/td>\n<td width=\"22%\">2 a\u00f1os<\/td>\n<\/tr>\n<tr>\n<td colspan=\"4\" width=\"100%\"><strong>Descripci\u00f3n del objetivo de la cookie:\u00a0<\/strong>YouTube establece esta cookie a trav\u00e9s de v\u00eddeos de YouTube integrados y registra datos estad\u00edsticos an\u00f3nimos<\/td>\n<\/tr>\n<\/tbody>\n<\/table>\n<h3><strong>Transferencias internacionales<\/strong><\/h3>\n<p>Este Sitio Web utiliza servicios de terceros que utilizan cookies que son archivadas en el ordenador del Usuario y permiten un an\u00e1lisis del uso de la p\u00e1gina web y los comportamiento y preferencias del Usuario. Las informaciones generadas por estas cookies de terceros en algunos casos son transferidas y almacenadas en un servidor en los Estados Unidos. Estos proveedores han adoptado cl\u00e1usulas tipo de protecci\u00f3n de datos para la transferencia de datos personales fuera del Espacio Econ\u00f3mico Europeo. Estas cl\u00e1usulas tipo han sido aprobadas por la Comisi\u00f3n Europea y no pueden ser modificadas por las partes que las utilizan.<\/p>\n<h3><strong>Aceptaci\u00f3n de las cookies y rechazo y revocaci\u00f3n del consentimiento<\/strong><\/h3>\n<p>Para las cookies estad\u00edsticas y de marketing necesitamos su consentimiento, que podremos obtener si pulsa el bot\u00f3n \u201cAceptar\u201d en el mensaje de informaci\u00f3n que se muestra al acceder a nuestra p\u00e1gina web. Puede rechazar el uso de las cookies en este sitio web y revocar su consentimiento accediendo al panel de configuraci\u00f3n de cookies haciendo clic en el bot\u00f3n \u201cGestionar\u201d que encontrar\u00e1 en el mensaje de informaci\u00f3n que se muestra al acceder a nuestra p\u00e1gina web y al que tambi\u00e9n podr\u00e1 llegar a trav\u00e9s de la pesta\u00f1a emergente que se muestra en parte inferior izquierda.<\/p>\n<h3><strong>Eliminaci\u00f3n de cookies<\/strong><\/h3>\n<p>En cualquier caso, puede eliminar, bloquear o deshabilitar las cookies instaladas en su dispositivo a trav\u00e9s del men\u00fa de configuraci\u00f3n de su navegador de internet, pudiendo configurarlo para que bloquee las cookies o le alerte cuando un servidor quiera guardarla. Los siguientes enlaces proporcionan informaci\u00f3n con relaci\u00f3n a c\u00f3mo configurar y\/o deshabilitar la instalaci\u00f3n de cookies para cada uno de los principales navegadores del mercado a fin de que el Usuario pueda decidir si acepta o no su uso:<\/p>\n<ul>\n<li><a href=\"https:\/\/support.microsoft.com\/es-es\/help\/17442\/windows-internet-explorer-delete-manage-cookies\" target=\"_blank\" rel=\"noopener\">Microsoft Internet Explorer<\/a>: men\u00fa Herramientas &gt; Opciones de Internet &gt; Privacidad &gt; Configuraci\u00f3n.<\/li>\n<li><a href=\"https:\/\/support.mozilla.org\/es\/kb\/habilitar-y-deshabilitar-cookies-sitios-web-rastrear-preferencias?redirectlocale=es&amp;redirectslug=habilitar-y-deshabilitar-cookies-que-los-sitios-we\" target=\"_blank\" rel=\"noopener\">Firefox<\/a>: men\u00fa Herramientas &gt; Opciones &gt; Privacidad &gt; Cookies.<\/li>\n<li><a href=\"https:\/\/support.google.com\/accounts\/answer\/61416?hl=es\" target=\"_blank\" rel=\"noopener\">Chrome<\/a>: men\u00fa Opciones &gt; Opciones avanzadas &gt; Privacidad.<\/li>\n<li><a href=\"https:\/\/support.apple.com\/es-es\/guide\/safari\/sfri11471\/mac\" target=\"_blank\" rel=\"noopener\">Safari:<\/a> men\u00fa Preferencias\/Privacidad.<\/li>\n<li><a href=\"https:\/\/support.apple.com\/es-es\/105082\" target=\"_blank\" rel=\"noopener\">Safari para IOS<\/a>: (iPhone y iPad): Opci\u00f3n Ajustes &gt; Safari<\/li>\n<li><a href=\"https:\/\/support.google.com\/chrome\/answer\/95647?co=GENIE.Platform%3DAndroid&amp;hl=es-419\" target=\"_blank\" rel=\"noopener\">Chrome para Android<\/a>: Configuraci\u00f3n &gt; Configuraci\u00f3n de sitios web &gt; Cookies<\/li>\n<\/ul>\n<h3><strong>Cambios en la Pol\u00edtica de Cookies<\/strong><\/h3>\n<p>Es posible que en un futuro se produzcan actualizaciones de esta Pol\u00edtica de Cookies de nuestro Sitio Web. Por ello le recomendamos revisar esta pol\u00edtica cada vez que acceda a nuestro Sitio Web con el objeto de estar adecuadamente informado sobre c\u00f3mo y para qu\u00e9 utilizamos las cookies.<\/p>\n<h3><strong>Pol\u00edtica de Protecci\u00f3n de Datos<\/strong><\/h3>\n<p>Puede leer nuestra\u00a0<a href=\"\/es\/proteccion-datos\/\">Pol\u00edtica de Protecci\u00f3n de Datos<\/a>\u00a0para una mayor informaci\u00f3n sobre protecci\u00f3n de datos personales en relaci\u00f3n con los tratamiento que realizamos.<\/p>\n<ol>\n<li><strong>Verificaci\u00f3n de la exclusiva instalaci\u00f3n de las cookies no t\u00e9cnicas con posterioridad a la obtenci\u00f3n del consentimiento del Usuario.<\/strong><\/li>\n<\/ol>\n<p>En el momento de emisi\u00f3n de este documento hemos verificado que todas las cookies, incluidas las an\u00e1l\u00edticas y de m\u00e1rketing, que precisan el consentimiento de los Usuarios para su utilizaci\u00f3n, se instalan nada mas acceder a la p\u00e1gina web. Ser\u00e1 necesario establecer los mecanismos que garanticen el bloqueo por defecto de todas las cookies que precisen el consentimiento de los Usuarios para su utilizaci\u00f3n, y que no se descarguen hasta el momento en el que presten tal consentimiento.<\/p>\n<p>[\/et_pb_text][\/et_pb_column][\/et_pb_row][\/et_pb_section]<\/p>\n","protected":false},"excerpt":{"rendered":"<p>El Sitio Web de V Capital Strategies Partners, Agencia de Valores, S.A. (en adelante, \u201cCSP\u201d) utiliza cookies para el correcto funcionamiento y visualizaci\u00f3n del mismo por parte del Usuario, as\u00ed como la recogida de estad\u00edsticas. CSP es responsable de las cookies y del tratamiento de los datos obtenidos a trav\u00e9s de ellas, ya sean propias [&hellip;]<\/p>\n","protected":false},"author":8,"featured_media":0,"parent":0,"menu_order":7,"comment_status":"closed","ping_status":"closed","template":"","meta":{"_et_pb_use_builder":"on","_et_pb_old_content":"","_et_gb_content_width":"","footnotes":""},"class_list":["post-101693","page","type-page","status-publish","hentry"],"_links":{"self":[{"href":"https:\/\/www.capitalstrategies.com\/es\/wp-json\/wp\/v2\/pages\/101693","targetHints":{"allow":["GET"]}}],"collection":[{"href":"https:\/\/www.capitalstrategies.com\/es\/wp-json\/wp\/v2\/pages"}],"about":[{"href":"https:\/\/www.capitalstrategies.com\/es\/wp-json\/wp\/v2\/types\/page"}],"author":[{"embeddable":true,"href":"https:\/\/www.capitalstrategies.com\/es\/wp-json\/wp\/v2\/users\/8"}],"replies":[{"embeddable":true,"href":"https:\/\/www.capitalstrategies.com\/es\/wp-json\/wp\/v2\/comments?post=101693"}],"version-history":[{"count":4,"href":"https:\/\/www.capitalstrategies.com\/es\/wp-json\/wp\/v2\/pages\/101693\/revisions"}],"predecessor-version":[{"id":101928,"href":"https:\/\/www.capitalstrategies.com\/es\/wp-json\/wp\/v2\/pages\/101693\/revisions\/101928"}],"wp:attachment":[{"href":"https:\/\/www.capitalstrategies.com\/es\/wp-json\/wp\/v2\/media?parent=101693"}],"curies":[{"name":"wp","href":"https:\/\/api.w.org\/{rel}","templated":true}]}}